{"id":37,"date":"2025-07-17T17:40:46","date_gmt":"2025-07-17T17:40:46","guid":{"rendered":"https:\/\/patagoniaatacamasolar.cl\/?page_id=37"},"modified":"2025-08-25T04:27:46","modified_gmt":"2025-08-25T04:27:46","slug":"quienes-somos","status":"publish","type":"page","link":"https:\/\/patagoniaatacamasolar.cl\/index.php\/quienes-somos\/","title":{"rendered":"Quienes somos"},"content":{"rendered":"<p>[et_pb_section fb_built=\u00bb1&#8243; custom_padding_last_edited=\u00bbon|phone\u00bb admin_label=\u00bbHeader\u00bb _builder_version=\u00bb4.16&#8243; use_background_color_gradient=\u00bbon\u00bb background_color_gradient_stops=\u00bb#f6f7fa 0%|#ffffff 100%\u00bb background_color_gradient_overlays_image=\u00bbon\u00bb background_color_gradient_start=\u00bb#f6f7fa\u00bb background_color_gradient_end=\u00bb#ffffff\u00bb background_position=\u00bbcenter_right\u00bb custom_margin=\u00bb|||\u00bb custom_padding=\u00bb0vw||0vw||true|false\u00bb custom_padding_tablet=\u00bb||||false|false\u00bb custom_padding_phone=\u00bb||||false|false\u00bb global_colors_info=\u00bb{}\u00bb][\/et_pb_section][et_pb_section fb_built=\u00bb1&#8243; admin_label=\u00bbAbout\u00bb _builder_version=\u00bb4.27.4&#8243; background_image=\u00bbhttps:\/\/patagoniaatacamasolar.cl\/wp-content\/uploads\/2025\/07\/dentist-13.png\u00bb background_size=\u00bbinitial\u00bb background_position=\u00bbtop_right\u00bb custom_padding=\u00bb0|0px|0|0px|false|false\u00bb global_colors_info=\u00bb{}\u00bb][et_pb_row make_equal=\u00bbon\u00bb custom_padding_last_edited=\u00bbon|desktop\u00bb _builder_version=\u00bb4.27.4&#8243; use_background_color_gradient=\u00bbon\u00bb background_color_gradient_stops=\u00bb#e09900 0%|#e09900 100%\u00bb max_width=\u00bb1280px\u00bb module_alignment=\u00bbcenter\u00bb custom_margin=\u00bb|auto||243px||\u00bb custom_padding=\u00bb0|0|0px|5vw|false|false\u00bb custom_padding_tablet=\u00bb|5vw||5vw||true\u00bb custom_padding_phone=\u00bb|5vw||5vw||true\u00bb animation_style=\u00bbzoom\u00bb animation_direction=\u00bbtop\u00bb animation_intensity_zoom=\u00bb1%\u00bb hover_enabled=\u00bb0&#8243; border_radii=\u00bb|10vw||10vw|\u00bb box_shadow_style=\u00bbpreset1&#8243; box_shadow_horizontal=\u00bb60px\u00bb box_shadow_vertical=\u00bb0px\u00bb box_shadow_blur=\u00bb60px\u00bb box_shadow_spread=\u00bb-40px\u00bb box_shadow_color=\u00bbrgba(0,121,255,0.1)\u00bb use_custom_width=\u00bbon\u00bb custom_width_px=\u00bb1280px\u00bb global_colors_info=\u00bb{}\u00bb width=\u00bb98%\u00bb sticky_enabled=\u00bb0&#8243;][et_pb_column type=\u00bb4_4&#8243; _builder_version=\u00bb4.16&#8243; custom_padding=\u00bb60px|||\u00bb custom_padding_tablet=\u00bb40px|||\u00bb custom_padding_phone=\u00bb20px|||\u00bb custom_padding_last_edited=\u00bboff|desktop\u00bb global_colors_info=\u00bb{}\u00bb padding_phone=\u00bb20px|||\u00bb padding_tablet=\u00bb40px|||\u00bb padding_last_edited=\u00bboff|desktop\u00bb custom_padding__hover=\u00bb|||\u00bb][et_pb_text _builder_version=\u00bb4.27.4&#8243; text_font=\u00bbOpen Sans||||||||\u00bb text_line_height=\u00bb2em\u00bb ul_font=\u00bb||||||||\u00bb ol_font=\u00bb||||||||\u00bb header_font=\u00bb||||||||\u00bb header_2_font=\u00bbCantata One||||||||\u00bb header_2_font_size=\u00bb40px\u00bb header_2_line_height=\u00bb1.4em\u00bb background_layout=\u00bbdark\u00bb custom_padding=\u00bb||33px|||\u00bb header_2_font_size_tablet=\u00bb35px\u00bb header_2_font_size_phone=\u00bb25px\u00bb header_2_font_size_last_edited=\u00bbon|phone\u00bb inline_fonts=\u00bbMontserrat,Abel\u00bb global_colors_info=\u00bb{}\u00bb]<\/p>\n<h2><strong><span style=\"font-family: Montserrat;\"><\/span><\/strong><\/h2>\n<h2><strong><span style=\"font-family: Montserrat;\"><\/span><\/strong><\/h2>\n<h2><strong style=\"font-size: 40px;\"><span style=\"font-family: Montserrat;\">Quienes Somos<\/span><\/strong><\/h2>\n<p><span style=\"font-family: Montserrat; font-weight: normal; font-size: large;\">Somos un equipo de profesionales de ingenier\u00eda que vuelca d\u00e9cadas de experiencia a dar soluciones ver\u00eddicas a todos los paradigmas de energ\u00edas renovables no convencionales con sistemas de energ\u00eda vigentes, a medida y precisos en su estimaci\u00f3n, de manera mantener satisfacci\u00f3n del cliente desde la evaluaci\u00f3n y entendimiento de sus necesidad, ejecuciones de instalaciones seguras y post venta cercana.<\/span><\/p>\n<p><span style=\"font-family: Montserrat; font-weight: normal; font-size: large;\">A la fecha nuestros mejores referente son nuestros clientes que han sido fidelizados con servicios escalables y de calidad.<\/span><\/p>\n<p><span style=\"font-family: Montserrat; font-weight: normal; font-size: large;\"><\/span><\/p>\n<p><span style=\"font-family: Montserrat; font-weight: normal; font-size: large;\"><\/span><\/p>\n<p><span style=\"font-family: Montserrat; font-weight: normal; font-size: large;\"><\/span><\/p>\n<p>[\/et_pb_text][\/et_pb_column][\/et_pb_row][et_pb_row column_structure=\u00bb1_3,1_3,1_3&#8243; use_custom_gutter=\u00bbon\u00bb gutter_width=\u00bb1&#8243; _builder_version=\u00bb4.27.4&#8243; _module_preset=\u00bbdefault\u00bb custom_padding=\u00bb||0px|||\u00bb hover_enabled=\u00bb0&#8243; global_colors_info=\u00bb{}\u00bb make_equal=\u00bbon\u00bb width=\u00bb100%\u00bb max_width=\u00bb1278px\u00bb module_alignment=\u00bbcenter\u00bb sticky_enabled=\u00bb0&#8243;][et_pb_column type=\u00bb1_3&#8243; _builder_version=\u00bb4.27.4&#8243; _module_preset=\u00bbdefault\u00bb global_colors_info=\u00bb{}\u00bb][et_pb_image src=\u00bbhttps:\/\/patagoniaatacamasolar.cl\/wp-content\/uploads\/2025\/08\/WhatsApp-Image-2025-08-22-at-12.38.05-scaled.jpeg\u00bb title_text=\u00bbWhatsApp Image 2025-08-22 at 12.38.05&#8243; _builder_version=\u00bb4.27.4&#8243; _module_preset=\u00bbdefault\u00bb global_colors_info=\u00bb{}\u00bb][\/et_pb_image][et_pb_image src=\u00bbhttps:\/\/patagoniaatacamasolar.cl\/wp-content\/uploads\/2025\/08\/WhatsApp-Image-2025-08-21-at-21.53.14-scaled.jpeg\u00bb title_text=\u00bbWhatsApp Image 2025-08-21 at 21.53.14&#8243; _builder_version=\u00bb4.27.4&#8243; _module_preset=\u00bbdefault\u00bb custom_margin=\u00bb-5px|||||\u00bb custom_padding=\u00bb6px|||||\u00bb global_colors_info=\u00bb{}\u00bb][\/et_pb_image][\/et_pb_column][et_pb_column type=\u00bb1_3&#8243; _builder_version=\u00bb4.27.4&#8243; _module_preset=\u00bbdefault\u00bb global_colors_info=\u00bb{}\u00bb][et_pb_image src=\u00bbhttps:\/\/patagoniaatacamasolar.cl\/wp-content\/uploads\/2025\/08\/IMG_7452-scaled.jpeg\u00bb title_text=\u00bbIMG_7452&#8243; align=\u00bbcenter\u00bb force_fullwidth=\u00bbon\u00bb _builder_version=\u00bb4.27.4&#8243; _module_preset=\u00bbdefault\u00bb custom_margin=\u00bb||-10px|||\u00bb custom_padding=\u00bb|0px||||\u00bb global_colors_info=\u00bb{}\u00bb][\/et_pb_image][et_pb_image src=\u00bbhttps:\/\/patagoniaatacamasolar.cl\/wp-content\/uploads\/2025\/08\/WhatsApp-Image-2025-08-23-at-12.02.49-2-scaled.jpeg\u00bb title_text=\u00bbWhatsApp Image 2025-08-23 at 12.02.49 (2)\u00bb _builder_version=\u00bb4.27.4&#8243; _module_preset=\u00bbdefault\u00bb custom_padding=\u00bb||2px|||\u00bb global_colors_info=\u00bb{}\u00bb][\/et_pb_image][\/et_pb_column][et_pb_column type=\u00bb1_3&#8243; _builder_version=\u00bb4.27.4&#8243; _module_preset=\u00bbdefault\u00bb global_colors_info=\u00bb{}\u00bb][et_pb_image src=\u00bbhttps:\/\/patagoniaatacamasolar.cl\/wp-content\/uploads\/2025\/08\/WhatsApp-Image-2025-08-22-at-13.20.32.jpeg\u00bb title_text=\u00bbWhatsApp Image 2025-08-22 at 13.20.32&#8243; _builder_version=\u00bb4.27.4&#8243; _module_preset=\u00bbdefault\u00bb global_colors_info=\u00bb{}\u00bb][\/et_pb_image][et_pb_image src=\u00bbhttps:\/\/patagoniaatacamasolar.cl\/wp-content\/uploads\/2025\/08\/IMG_7453.jpeg\u00bb title_text=\u00bbIMG_7453&#8243; _builder_version=\u00bb4.27.4&#8243; _module_preset=\u00bbdefault\u00bb global_colors_info=\u00bb{}\u00bb][\/et_pb_image][\/et_pb_column][\/et_pb_row][\/et_pb_section]<\/p>\n","protected":false},"excerpt":{"rendered":"<p>Quienes Somos Somos un equipo de profesionales de ingenier\u00eda que vuelca d\u00e9cadas de experiencia a dar soluciones ver\u00eddicas a todos los paradigmas de energ\u00edas renovables no convencionales con sistemas de energ\u00eda vigentes, a medida y precisos en su estimaci\u00f3n, de manera mantener satisfacci\u00f3n del cliente desde la evaluaci\u00f3n y entendimiento de sus necesidad, ejecuciones de [&hellip;]<\/p>\n","protected":false},"author":1,"featured_media":0,"parent":0,"menu_order":0,"comment_status":"closed","ping_status":"closed","template":"","meta":{"_et_pb_use_builder":"on","_et_pb_old_content":"","_et_gb_content_width":"","footnotes":""},"class_list":["post-37","page","type-page","status-publish","hentry"],"_links":{"self":[{"href":"https:\/\/patagoniaatacamasolar.cl\/index.php\/wp-json\/wp\/v2\/pages\/37","targetHints":{"allow":["GET"]}}],"collection":[{"href":"https:\/\/patagoniaatacamasolar.cl\/index.php\/wp-json\/wp\/v2\/pages"}],"about":[{"href":"https:\/\/patagoniaatacamasolar.cl\/index.php\/wp-json\/wp\/v2\/types\/page"}],"author":[{"embeddable":true,"href":"https:\/\/patagoniaatacamasolar.cl\/index.php\/wp-json\/wp\/v2\/users\/1"}],"replies":[{"embeddable":true,"href":"https:\/\/patagoniaatacamasolar.cl\/index.php\/wp-json\/wp\/v2\/comments?post=37"}],"version-history":[{"count":18,"href":"https:\/\/patagoniaatacamasolar.cl\/index.php\/wp-json\/wp\/v2\/pages\/37\/revisions"}],"predecessor-version":[{"id":338,"href":"https:\/\/patagoniaatacamasolar.cl\/index.php\/wp-json\/wp\/v2\/pages\/37\/revisions\/338"}],"wp:attachment":[{"href":"https:\/\/patagoniaatacamasolar.cl\/index.php\/wp-json\/wp\/v2\/media?parent=37"}],"curies":[{"name":"wp","href":"https:\/\/api.w.org\/{rel}","templated":true}]}}